{"id":13334,"date":"2022-11-23T08:23:02","date_gmt":"2022-11-23T07:23:02","guid":{"rendered":"https:\/\/gondolen.se\/en\/?page_id=13334"},"modified":"2026-04-09T09:49:07","modified_gmt":"2026-04-09T07:49:07","slug":"startsida","status":"publish","type":"page","link":"https:\/\/gondolen.se\/en\/","title":{"rendered":"Gondolen Home page"},"content":{"rendered":"\n\n\t\t&#8221;\n\t\t\t\t\t\t\tdata-vimeo=&#8221;https:\/\/vimeo.com\/1055880600&#8243;\n\t\t\t\tdata-video-id=&#8221;1055880600&#8243;\n\t\t\t\tdata-enable-audio=&#8221;no&#8221;\n\t\t\t\tdata-video-mobile=&#8221;yes&#8221;\n\t\t\t\t\t\t\t>\n\t\t\t\t\t\t\t\t\t<h1>Welcome to Gondolen<\/h1>\n\t\t\t\t\t\t<p>Every day is a reason to celebrate at Gondolen. Experience quality ingredients carefully prepared into magnificent dishes and enjoy a truly unique view of Stockholm.<\/p>\u00a0\t\t\t\t\t\n\t\t\t\t\t\t\t\t\t\t\t\t\t\t\t\t\t\t<ul>\n\t\t\t\t\t\t\t\t\t\t\t\t\t\t\t\t\t\t\t\t\t\t\t\t\t\t\t\t\t\t\t\t\t\t<li>\n\t\t\t\t\t\t\t\t<a\n                                   href=\"https:\/\/app.bokabord.se\/reservation\/?hash=720cdcb4d664ceeebbe8548904e275e6&#038;lang=en&#038;_gl=1*1c57hox*_gcl_au*MTg4NTU5MzM5OS4xNzI4MzEzMzQ4*_ga*ODM0Njk2NTQ5LjE3MjgzMTMzNDg.*_ga_LDN2WP3LLG*MTcyOTA5MTIxNy40LjEuMTcyOTA5MTIyMC41Ny4wLjA.\" =>Book a table<\/a>\n\t\t\t\t\t\t\t<\/li>\n\t\t\t\t\t\t\t\t\t\t\t<\/ul>\n\t<ul>\n\t\t<li>\n\t\t\t\n\t\t\t\t\t\t\t\t\t<img decoding=\"async\" src=\"\/wp-content\/themes\/gondolen-theme\/assets\/images\/png\/ed87317fa6b9498114722bcd4f0bafd8.png\" alt=\"svbr\"\/>\n\t\t\t\t\t\t\t\n\t\t\t\t\t\t<h2>Classic food in a modern setting<\/h2>\n\t\t\t\t\t\t\t<p>Our roots lie in traditional Swedish cuisine, and we serve our food with a touch of creativity and finesse. At Gondolen you can enjoy simple dishes made with quality ingredients and solid craftsmanship. Every day is a reason to celebrate with good food and great company.<\/p>\t\t\t\t\t\t\n\t\t\t\t\t\t\t\t\t\t\t\t\t<ul>\n\t\t\t\t\t\t\t\t\t\t\t\t\t\t\t\t\t<li>\n\t\t\t\t\t\t\t\t\t\t<a\n\t\t\t\t\t\t\t\t\t\t   href=\"\/en\/menu\/\">View the menu<\/a>\n\t\t\t\t\t\t\t\t\t<\/li>\n\t\t\t\t\t\t\t\t\t\t\t\t\t\t\t<\/ul>\n\t\t<\/li>\n\t\t<li>\n\t\t\t\n\t\t\t\t\t\t\t\t\t<img decoding=\"async\" src=\"\/wp-content\/themes\/gondolen-theme\/assets\/images\/jpg\/9d4d5475db7279d033c96d7ebb4a61a6.jpg\" alt=\"svbr\"\/>\n\t\t\t\t\t\t\t\n\t\t\t\t\t\t<h2>Wine and cocktails<\/h2>\n\t\t\t\t\t\t\t<p>Our drink menu has something for every occasion. Choose one of our four unique Dry Martinis, let our sommeliers recommend something from our wine cellar with exclusive vintages, or try our creative cocktails.<\/p>\t\t\t\t\t\t\n\t\t\t\t\t\t\t\t\t\t\t\t\t<ul>\n\t\t\t\t\t\t\t\t\t\t\t\t\t\t\t\t\t<li>\n\t\t\t\t\t\t\t\t\t\t<a\n\t\t\t\t\t\t\t\t\t\t   href=\"\/en\/drinks\/\">View our drink menu<\/a>\n\t\t\t\t\t\t\t\t\t<\/li>\n\t\t\t\t\t\t\t\t\t\t\t\t\t\t\t<\/ul>\n\t\t<\/li>\n\t<\/ul>\n\t<img decoding=\"async\" src=\"https:\/\/gondolen.se\/en\/wp-content\/uploads\/sites\/3\/2026\/03\/gondolen-aniara.jpg\" alt=\"background\"\/>\n<h2>\n\t\tDiscover Gondolen\n\t<\/h2>\n\t\t<ul>\n\t\t\t\t\t\t\t<li>\n\t\t\t\t\t<a href=\"\/en\/bar-zeppelin\/\">\n\t\t\t\t\t\t\n\t\t\t\t\t\t\t\t\t\t\t\t\t\t\t<img decoding=\"async\" src=\"\/wp-content\/themes\/gondolen-theme\/assets\/images\/jpg\/bar-zeppelin.jpg\" alt=\"svbr\"\/>\n\t\t\t\t\t\t\t\t\t\t\t\t\t\n\t\t\t\t\t<\/a>\n\t\t\t\t\t<a href=\"\/en\/bar-zeppelin\/\">\n\t\t\t\t\t\t<h2>Bar Zeppelin<\/h2>\n\t\t\t\t\t\t\t<p>Relax with a beer at Bar Zeppelin located on the 12th floor, above the dining room. The outdoor terrace is located between Katarina Elevator (&#8220;Katarinahissen) and Mosebacke square. Here, we serve food from Gondolen&#8217;s menu and offer a wide selection of beer, cocktails, and wine. Come and enjoy Stockholm&#8217;s best view with us.<\/p>\t\t\t\t\t\t\n\t\t\t\t\t\t\t\t\t\t\t\t\t<ul>\n\t\t\t\t\t\t\t\t<li>\n\t\t\t\t\t\t\t\t\tRead more\n\t\t\t\t\t\t\t\t<\/li>\n\t\t\t\t\t\t\t<\/ul>\n\t\t\t\t\t<\/a>\n\t\t\t\t<\/li>\n\t\t\t\t\t\t\t<li>\n\t\t\t\t\t<a href=\"\/en\/the-dining-room\/\">\n\t\t\t\t\t\t\n\t\t\t\t\t\t\t\t\t\t\t\t\t\t\t<img decoding=\"async\" src=\"\/wp-content\/themes\/gondolen-theme\/assets\/images\/jpg\/mastalen.jpg\" alt=\"svbr\"\/>\n\t\t\t\t\t\t\t\t\t\t\t\t\t\n\t\t\t\t\t<\/a>\n\t\t\t\t\t<a href=\"\/en\/the-dining-room\/\">\n\t\t\t\t\t\t<h2>The dining room<\/h2>\n\t\t\t\t\t\t\t<p>The dining room at Gondolen offers a culinary experience focused on Swedish ingredients and traditions. Classic Swedish cuisine is prepared with modern techniques in an elegant setting. Immerse yourself in a warm atmosphere, surrounded by great company and exceptional cuisine &#8211; the perfect way to celebrate life&#8217;s moments.\u00a0<\/p>\t\t\t\t\t\t\n\t\t\t\t\t\t\t\t\t\t\t\t\t<ul>\n\t\t\t\t\t\t\t\t<li>\n\t\t\t\t\t\t\t\t\tRead more\n\t\t\t\t\t\t\t\t<\/li>\n\t\t\t\t\t\t\t<\/ul>\n\t\t\t\t\t<\/a>\n\t\t\t\t<\/li>\n\t\t\t\t\t\t\t<li>\n\t\t\t\t\t<a href=\"\/en\/the-cocktail-bar\/\">\n\t\t\t\t\t\t\n\t\t\t\t\t\t\t\t\t\t\t\t\t\t\t<img decoding=\"async\" src=\"\/wp-content\/themes\/gondolen-theme\/assets\/images\/jpg\/cocktailbaren.jpg\" alt=\"svbr\"\/>\n\t\t\t\t\t\t\t\t\t\t\t\t\t\n\t\t\t\t\t<\/a>\n\t\t\t\t\t<a href=\"\/en\/the-cocktail-bar\/\">\n\t\t\t\t\t\t<h2>The cocktail bar<\/h2>\n\t\t\t\t\t\t\t<p>Centrally located, with a jazz band that enhances the ambiance, our cocktail bar is the social hub of Gondolen. Enjoy our four variations of Dry Martini and creative signature drinks in a relaxed atmosphere.<\/p>\t\t\t\t\t\t\n\t\t\t\t\t\t\t\t\t\t\t\t\t<ul>\n\t\t\t\t\t\t\t\t<li>\n\t\t\t\t\t\t\t\t\tRead more\n\t\t\t\t\t\t\t\t<\/li>\n\t\t\t\t\t\t\t<\/ul>\n\t\t\t\t\t<\/a>\n\t\t\t\t<\/li>\n\t\t\t\t\t<\/ul>\n\t\t\t\t\t\t\n\t\t\t\t\t\t\t\t\t<source media=\"(max-width: 768px)\"\n\t\t\t\t\t\tsrcset=\"\"\/>\n\t\t\t\t\t<source media=\"(max-width: 992px)\"\n\t\t\t\t\t\tsrcset=\"\"\/>\n\t\t\t\t\t<source media=\"(min-width: 993px)\"\n\t\t\t\t\t\tsrcset=\"https:\/\/gondolen.se\/en\/wp-content\/uploads\/sites\/3\/2026\/02\/gondolen-kungarummet-square.png\"\/>\n\t\t\t\t\t<img decoding=\"async\" src=\"https:\/\/gondolen.se\/en\/wp-content\/uploads\/sites\/3\/2026\/02\/gondolen-kungarummet-square.png\" alt=\"\" title=\"gondolen-kungarummet-square\"\/>\n\t\t\t\t\t\t\t\n\t\t\t\t\t<h2>Private dining<\/h2>\n\t\t\t\t<p>&#8216;Kungarummet&#8217; (The King&#8217;s Room) is a private and exclusive space for special occasions, perfect for groups of up to 30 people. With unbeatable views and first-class service, this is the perfect place to create memorable moments.<\/p>\u00a0\t\t\t\n\t\t\t\t\t\t\t<ul>\n\t\t\t\t\t\t\t\t\t<li><a\n\t\t\t\t\t       href=\"\/en\/private-dining\/\">Read More<\/a><\/li>\n\t\t\t\t\t\t\t<\/ul>\n\t\t\t\t\t\t\n\t\t\t\t\t\t\t\t\t<source media=\"(max-width: 768px)\"\n\t\t\t\t\t\tsrcset=\"\"\/>\n\t\t\t\t\t<source media=\"(max-width: 992px)\"\n\t\t\t\t\t\tsrcset=\"\"\/>\n\t\t\t\t\t<source media=\"(min-width: 993px)\"\n\t\t\t\t\t\tsrcset=\"https:\/\/gondolen.se\/en\/wp-content\/uploads\/sites\/3\/2025\/09\/gondolen-livejazz.png\"\/>\n\t\t\t\t\t<img decoding=\"async\" src=\"https:\/\/gondolen.se\/en\/wp-content\/uploads\/sites\/3\/2025\/09\/gondolen-livejazz.png\" alt=\"\" title=\"gondolen-livejazz\"\/>\n\t\t\t\t\t\t\t\n\t\t\t\t\t<h2>Live Jazz<\/h2>\n\t\t\t\t<section dir=\"auto\" data-turn-id=\"request-WEB:da554ae6-efc6-4a8e-89fd-ae2fa65d1963-0\" data-testid=\"conversation-turn-2\" data-scroll-anchor=\"true\" data-turn=\"assistant\">Every day of the week, you have the opportunity to experience live jazz in our dining room and cocktail bar. Our jazz band performs at the following times:<\/section><p>Monday-Thursday: 5:30 PM &#8211; 9:30 PM<br \/>Friday: 4:00 PM &#8211; 11:00 PM<br \/>Saturday: 1:00 PM &#8211; 5:00 PM, 6:00 PM &#8211; 11:00 PM<br \/>Sunday: 6:00 PM &#8211; 9:00 PM<\/p>\t\t\t\n<h2>\n\t\tOur neighbours\n\t<\/h2>\n\t<ul>\n\t\t<li>\n\t\t\t\n\t\t\t\t\t\t\t\t\t<source media=\"(max-width: 768px)\"\n\t\t\t\t\t\tsrcset=\"\"\/>\n\t\t\t\t\t<source media=\"(max-width: 992px)\"\n\t\t\t\t\t\tsrcset=\"\"\/>\n\t\t\t\t\t<source media=\"(min-width: 993px)\"\n\t\t\t\t\t\tsrcset=\"https:\/\/gondolen.se\/en\/wp-content\/uploads\/sites\/3\/2026\/03\/bc94a6aaf60593723f205e15d93e3ff0-1.jpg\"\/>\n\t\t\t\t\t<img decoding=\"async\" src=\"https:\/\/gondolen.se\/en\/wp-content\/uploads\/sites\/3\/2026\/03\/bc94a6aaf60593723f205e15d93e3ff0-1.jpg\" alt=\"\" title=\"bc94a6aaf60593723f205e15d93e3ff0 (1)\"\/>\n\t\t\t\t\t\t\t\n\t\t\t\t\t\t<h2>Pelago<\/h2>\n\t\t\t\t\t\t\t<p>Pelago is Stockholm&#8217;s new rooftop restaurant at Katarinahuset with a spectacular view over the city. Enjoy grilled food, exquisite drinks, and a spectacular view every day throughout the summer. Come and be a part of the unique atmosphere at Pelago.<\/p>\u00a0\t\t\t\t\t\t\n\t\t\t\t\t\t\t\t\t\t\t\t\t<ul>\n\t\t\t\t\t\t\t\t\t\t\t\t\t\t\t\t\t<li>\n\t\t\t\t\t\t\t\t\t\t<a\n\t\t\t\t\t\t\t\t\t\t   href=\"https:\/\/pelagosthlm.se\/en\/\">Visit the website<\/a>\n\t\t\t\t\t\t\t\t\t<\/li>\n\t\t\t\t\t\t\t\t\t\t\t\t\t\t\t<\/ul>\n\t\t<\/li>\n\t\t<li>\n\t\t\t\n\t\t\t\t\t\t\t\t\t<source media=\"(max-width: 768px)\"\n\t\t\t\t\t\tsrcset=\"\"\/>\n\t\t\t\t\t<source media=\"(max-width: 992px)\"\n\t\t\t\t\t\tsrcset=\"\"\/>\n\t\t\t\t\t<source media=\"(min-width: 993px)\"\n\t\t\t\t\t\tsrcset=\"https:\/\/gondolen.se\/en\/wp-content\/uploads\/sites\/3\/2026\/03\/cafe-klotet-webb.png\"\/>\n\t\t\t\t\t<img decoding=\"async\" src=\"https:\/\/gondolen.se\/en\/wp-content\/uploads\/sites\/3\/2026\/03\/cafe-klotet-webb.png\" alt=\"Caf\u00e9 Klotet\" title=\"cafe-klotet-webb\"\/>\n\t\t\t\t\t\t\t\n\t\t\t\t\t\t<h2>Caf\u00e9 Klotet<\/h2>\n\t\t\t\t\t\t\t<p>For those who love fine wines and culture! Drop by and enjoy something special from our wine list or exciting cultural events in a buzzing environment. Perfect for an evening of flavor and experiences.<\/p>\u00a0\t\t\t\t\t\t\n\t\t\t\t\t\t\t\t\t\t\t\t\t<ul>\n\t\t\t\t\t\t\t\t\t\t\t\t\t\t\t\t\t<li>\n\t\t\t\t\t\t\t\t\t\t<a\n\t\t\t\t\t\t\t\t\t\t   href=\"https:\/\/cafeklotet.se\/\">Visit the website<\/a>\n\t\t\t\t\t\t\t\t\t<\/li>\n\t\t\t\t\t\t\t\t\t\t\t\t\t\t\t<\/ul>\n\t\t<\/li>\n\t<\/ul>\n\t\t\t\t\t\t\n\t\t\t\t\t\t\t\t\t<img decoding=\"async\" src=\"https:\/\/gondolen.se\/en\/wp-content\/uploads\/sites\/3\/2024\/08\/gondolen.png\" alt=\"svbr\"\/>\n\t\t\t\t\t\t\t\n\t\t\t\t\t<h2>Find us<\/h2>\n\t\t\t\t<p>Gondolen is in Katarinahuset at Stadsg\u00e5rden 6 on S\u00f6dermalm in Stockholm. We have several entrances: through the famous Katarina Elevator, the elevator to the 11th floor on Stadsg\u00e5rden 6, or via the bridge from Mosebacke square.<\/p>\u00a0\u00a0\t\t\t\n\t\t\t\t\t\t\t<ul>\n\t\t\t\t\t\t\t\t\t<li><a\n\t\t\t\t\t       href=\"https:\/\/maps.app.goo.gl\/fwuChncz2H9ozxCJ8\">View map<\/a><\/li>\n\t\t\t\t\t\t\t<\/ul>\n\t\t\t\t\t\t\n\t\t\t\t\t\t\t\t\t<img decoding=\"async\" src=\"\/wp-content\/themes\/gondolen-theme\/assets\/images\/jpg\/a5b318567b12cf9b18c22b2d7f3f82d9.jpg\" alt=\"svbr\"\/>\n\t\t\t\t\t\t\t\n\t\t\t\t\t<h2>Follow us on instagram<\/h2>\n\t\t\t\t<p>Discover Gondolen behind the scenes. Follow us on Instagram for inspiration, taste experiences and exciting news directly from the restaurant.<\/p>\u00a0\t\t\t\n\t\t\t\t\t\t\t<ul>\n\t\t\t\t\t\t\t\t\t<li><a\n\t\t\t\t\t       href=\"https:\/\/www.instagram.com\/gondolenstockholm\/\">INSTAGRAM<\/a><\/li>\n\t\t\t\t\t\t\t<\/ul>\n\n","protected":false},"excerpt":{"rendered":"<p>&#8221; data-vimeo=&#8221;https:\/\/vimeo.com\/1055880600&#8243; data-video-id=&#8221;1055880600&#8243; data-enable-audio=&#8221;no&#8221; data-video-mobile=&#8221;yes&#8221; > Welcome to Gondolen Every day is a reason to celebrate at Gondolen. Experience quality ingredients carefully prepared into magnificent dishes and enjoy a truly unique view of Stockholm. \u00a0 Book a table Classic food in a modern setting Our roots lie in traditional Swedish cuisine, and we serve our [&hellip;]<\/p>\n","protected":false},"author":2,"featured_media":0,"parent":0,"menu_order":0,"comment_status":"closed","ping_status":"closed","template":"","meta":{"_acf_changed":false,"footnotes":""},"class_list":["post-13334","page","type-page","status-publish","hentry"],"acf":[],"yoast_head":"<!-- This site is optimized with the Yoast SEO plugin v27.4 - https:\/\/yoast.com\/product\/yoast-seo-wordpress\/ -->\n<title>Gondolen \u2013 Book a table<\/title>\n<meta name=\"description\" content=\"Every day is a reason to celebrate at Gondolen. Enjoy a unique view of Stockholm and experience magnificent Swedish dishes.\" \/>\n<meta name=\"robots\" content=\"index, follow, max-snippet:-1, max-image-preview:large, max-video-preview:-1\" \/>\n<link rel=\"canonical\" href=\"https:\/\/gondolen.se\/en\/\" \/>\n<meta property=\"og:locale\" content=\"en_US\" \/>\n<meta property=\"og:type\" content=\"article\" \/>\n<meta property=\"og:title\" content=\"Gondolen\" \/>\n<meta property=\"og:description\" content=\"Varje dag \u00e4r en anledning att fira p\u00e5 Gondolen. Njut av klassisk elegans, svensk gastronomi och en enast\u00e5ende utsikt. Gondolen \u00f6ppnar den 19 oktober 2023. Boka bord p\u00e5 gondolen.se.\" \/>\n<meta property=\"og:url\" content=\"https:\/\/gondolen.se\/en\/\" \/>\n<meta property=\"og:site_name\" content=\"Gondolen EN\" \/>\n<meta property=\"article:publisher\" content=\"https:\/\/www.facebook.com\/gondolenstockholm\" \/>\n<meta property=\"article:modified_time\" content=\"2026-04-09T07:49:07+00:00\" \/>\n<meta property=\"og:image\" content=\"https:\/\/gondolen.se\/en\/wp-content\/uploads\/sites\/3\/2023\/09\/Gondolen-mat-food.jpg\" \/>\n\t<meta property=\"og:image:width\" content=\"1920\" \/>\n\t<meta property=\"og:image:height\" content=\"1280\" \/>\n\t<meta property=\"og:image:type\" content=\"image\/jpeg\" \/>\n<meta name=\"twitter:card\" content=\"summary_large_image\" \/>\n<meta name=\"twitter:title\" content=\"Gondolen\" \/>\n<meta name=\"twitter:description\" content=\"Varje dag \u00e4r en anledning att fira p\u00e5 Gondolen. Njut av klassisk elegans, svensk gastronomi och en enast\u00e5ende utsikt. Gondolen \u00f6ppnar den 19 oktober 2023. Boka bord p\u00e5 gondolen.se.\" \/>\n<meta name=\"twitter:image\" content=\"https:\/\/gondolen.se\/en\/wp-content\/uploads\/sites\/3\/2023\/09\/Gondolen-mat-food.jpg\" \/>\n<meta name=\"twitter:label1\" content=\"Est. reading time\" \/>\n\t<meta name=\"twitter:data1\" content=\"6 minutes\" \/>\n<script type=\"application\/ld+json\" class=\"yoast-schema-graph\">{\"@context\":\"https:\\\/\\\/schema.org\",\"@graph\":[{\"@type\":\"WebPage\",\"@id\":\"https:\\\/\\\/gondolen.se\\\/en\\\/\",\"url\":\"https:\\\/\\\/gondolen.se\\\/en\\\/\",\"name\":\"Gondolen \u2013 Book a table\",\"isPartOf\":{\"@id\":\"https:\\\/\\\/gondolen.se\\\/en\\\/#website\"},\"primaryImageOfPage\":{\"@id\":\"https:\\\/\\\/gondolen.se\\\/en\\\/#primaryimage\"},\"image\":{\"@id\":\"https:\\\/\\\/gondolen.se\\\/en\\\/#primaryimage\"},\"thumbnailUrl\":\"https:\\\/\\\/gondolen.se\\\/en\\\/wp-content\\\/uploads\\\/sites\\\/3\\\/2026\\\/03\\\/gondolen-aniara.jpg\",\"datePublished\":\"2022-11-23T07:23:02+00:00\",\"dateModified\":\"2026-04-09T07:49:07+00:00\",\"description\":\"Every day is a reason to celebrate at Gondolen. Enjoy a unique view of Stockholm and experience magnificent Swedish dishes.\",\"breadcrumb\":{\"@id\":\"https:\\\/\\\/gondolen.se\\\/en\\\/#breadcrumb\"},\"inLanguage\":\"en-US\",\"potentialAction\":[{\"@type\":\"ReadAction\",\"target\":[\"https:\\\/\\\/gondolen.se\\\/en\\\/\"]}]},{\"@type\":\"ImageObject\",\"inLanguage\":\"en-US\",\"@id\":\"https:\\\/\\\/gondolen.se\\\/en\\\/#primaryimage\",\"url\":\"https:\\\/\\\/gondolen.se\\\/en\\\/wp-content\\\/uploads\\\/sites\\\/3\\\/2026\\\/03\\\/gondolen-aniara.jpg\",\"contentUrl\":\"https:\\\/\\\/gondolen.se\\\/en\\\/wp-content\\\/uploads\\\/sites\\\/3\\\/2026\\\/03\\\/gondolen-aniara.jpg\",\"width\":1440,\"height\":700},{\"@type\":\"BreadcrumbList\",\"@id\":\"https:\\\/\\\/gondolen.se\\\/en\\\/#breadcrumb\",\"itemListElement\":[{\"@type\":\"ListItem\",\"position\":1,\"name\":\"Home\",\"item\":\"https:\\\/\\\/gondolen.se\\\/en\\\/\"},{\"@type\":\"ListItem\",\"position\":2,\"name\":\"Gondolen Home page\"}]},{\"@type\":\"WebSite\",\"@id\":\"https:\\\/\\\/gondolen.se\\\/en\\\/#website\",\"url\":\"https:\\\/\\\/gondolen.se\\\/en\\\/\",\"name\":\"Gondolen EN\",\"description\":\"\",\"publisher\":{\"@id\":\"https:\\\/\\\/gondolen.se\\\/en\\\/#organization\"},\"potentialAction\":[{\"@type\":\"SearchAction\",\"target\":{\"@type\":\"EntryPoint\",\"urlTemplate\":\"https:\\\/\\\/gondolen.se\\\/en\\\/?s={search_term_string}\"},\"query-input\":{\"@type\":\"PropertyValueSpecification\",\"valueRequired\":true,\"valueName\":\"search_term_string\"}}],\"inLanguage\":\"en-US\"},{\"@type\":\"Organization\",\"@id\":\"https:\\\/\\\/gondolen.se\\\/en\\\/#organization\",\"name\":\"Gondolen EN\",\"url\":\"https:\\\/\\\/gondolen.se\\\/en\\\/\",\"logo\":{\"@type\":\"ImageObject\",\"inLanguage\":\"en-US\",\"@id\":\"https:\\\/\\\/gondolen.se\\\/en\\\/#\\\/schema\\\/logo\\\/image\\\/\",\"url\":\"https:\\\/\\\/gondolen.se\\\/en\\\/wp-content\\\/uploads\\\/sites\\\/3\\\/2023\\\/09\\\/Gondolen-logo.svg\",\"contentUrl\":\"https:\\\/\\\/gondolen.se\\\/en\\\/wp-content\\\/uploads\\\/sites\\\/3\\\/2023\\\/09\\\/Gondolen-logo.svg\",\"width\":120,\"height\":120,\"caption\":\"Gondolen EN\"},\"image\":{\"@id\":\"https:\\\/\\\/gondolen.se\\\/en\\\/#\\\/schema\\\/logo\\\/image\\\/\"},\"sameAs\":[\"https:\\\/\\\/www.facebook.com\\\/gondolenstockholm\",\"https:\\\/\\\/www.instagram.com\\\/gondolenstockholm\\\/\"]}]}<\/script>\n<!-- \/ Yoast SEO plugin. -->","yoast_head_json":{"title":"Gondolen \u2013 Book a table","description":"Every day is a reason to celebrate at Gondolen. Enjoy a unique view of Stockholm and experience magnificent Swedish dishes.","robots":{"index":"index","follow":"follow","max-snippet":"max-snippet:-1","max-image-preview":"max-image-preview:large","max-video-preview":"max-video-preview:-1"},"canonical":"https:\/\/gondolen.se\/en\/","og_locale":"en_US","og_type":"article","og_title":"Gondolen","og_description":"Varje dag \u00e4r en anledning att fira p\u00e5 Gondolen. Njut av klassisk elegans, svensk gastronomi och en enast\u00e5ende utsikt. Gondolen \u00f6ppnar den 19 oktober 2023. Boka bord p\u00e5 gondolen.se.","og_url":"https:\/\/gondolen.se\/en\/","og_site_name":"Gondolen EN","article_publisher":"https:\/\/www.facebook.com\/gondolenstockholm","article_modified_time":"2026-04-09T07:49:07+00:00","og_image":[{"width":1920,"height":1280,"url":"https:\/\/gondolen.se\/en\/wp-content\/uploads\/sites\/3\/2023\/09\/Gondolen-mat-food.jpg","type":"image\/jpeg"}],"twitter_card":"summary_large_image","twitter_title":"Gondolen","twitter_description":"Varje dag \u00e4r en anledning att fira p\u00e5 Gondolen. Njut av klassisk elegans, svensk gastronomi och en enast\u00e5ende utsikt. Gondolen \u00f6ppnar den 19 oktober 2023. Boka bord p\u00e5 gondolen.se.","twitter_image":"https:\/\/gondolen.se\/en\/wp-content\/uploads\/sites\/3\/2023\/09\/Gondolen-mat-food.jpg","twitter_misc":{"Est. reading time":"6 minutes"},"schema":{"@context":"https:\/\/schema.org","@graph":[{"@type":"WebPage","@id":"https:\/\/gondolen.se\/en\/","url":"https:\/\/gondolen.se\/en\/","name":"Gondolen \u2013 Book a table","isPartOf":{"@id":"https:\/\/gondolen.se\/en\/#website"},"primaryImageOfPage":{"@id":"https:\/\/gondolen.se\/en\/#primaryimage"},"image":{"@id":"https:\/\/gondolen.se\/en\/#primaryimage"},"thumbnailUrl":"https:\/\/gondolen.se\/en\/wp-content\/uploads\/sites\/3\/2026\/03\/gondolen-aniara.jpg","datePublished":"2022-11-23T07:23:02+00:00","dateModified":"2026-04-09T07:49:07+00:00","description":"Every day is a reason to celebrate at Gondolen. Enjoy a unique view of Stockholm and experience magnificent Swedish dishes.","breadcrumb":{"@id":"https:\/\/gondolen.se\/en\/#breadcrumb"},"inLanguage":"en-US","potentialAction":[{"@type":"ReadAction","target":["https:\/\/gondolen.se\/en\/"]}]},{"@type":"ImageObject","inLanguage":"en-US","@id":"https:\/\/gondolen.se\/en\/#primaryimage","url":"https:\/\/gondolen.se\/en\/wp-content\/uploads\/sites\/3\/2026\/03\/gondolen-aniara.jpg","contentUrl":"https:\/\/gondolen.se\/en\/wp-content\/uploads\/sites\/3\/2026\/03\/gondolen-aniara.jpg","width":1440,"height":700},{"@type":"BreadcrumbList","@id":"https:\/\/gondolen.se\/en\/#breadcrumb","itemListElement":[{"@type":"ListItem","position":1,"name":"Home","item":"https:\/\/gondolen.se\/en\/"},{"@type":"ListItem","position":2,"name":"Gondolen Home page"}]},{"@type":"WebSite","@id":"https:\/\/gondolen.se\/en\/#website","url":"https:\/\/gondolen.se\/en\/","name":"Gondolen EN","description":"","publisher":{"@id":"https:\/\/gondolen.se\/en\/#organization"},"potentialAction":[{"@type":"SearchAction","target":{"@type":"EntryPoint","urlTemplate":"https:\/\/gondolen.se\/en\/?s={search_term_string}"},"query-input":{"@type":"PropertyValueSpecification","valueRequired":true,"valueName":"search_term_string"}}],"inLanguage":"en-US"},{"@type":"Organization","@id":"https:\/\/gondolen.se\/en\/#organization","name":"Gondolen EN","url":"https:\/\/gondolen.se\/en\/","logo":{"@type":"ImageObject","inLanguage":"en-US","@id":"https:\/\/gondolen.se\/en\/#\/schema\/logo\/image\/","url":"https:\/\/gondolen.se\/en\/wp-content\/uploads\/sites\/3\/2023\/09\/Gondolen-logo.svg","contentUrl":"https:\/\/gondolen.se\/en\/wp-content\/uploads\/sites\/3\/2023\/09\/Gondolen-logo.svg","width":120,"height":120,"caption":"Gondolen EN"},"image":{"@id":"https:\/\/gondolen.se\/en\/#\/schema\/logo\/image\/"},"sameAs":["https:\/\/www.facebook.com\/gondolenstockholm","https:\/\/www.instagram.com\/gondolenstockholm\/"]}]}},"_links":{"self":[{"href":"https:\/\/gondolen.se\/en\/wp-json\/wp\/v2\/pages\/13334","targetHints":{"allow":["GET"]}}],"collection":[{"href":"https:\/\/gondolen.se\/en\/wp-json\/wp\/v2\/pages"}],"about":[{"href":"https:\/\/gondolen.se\/en\/wp-json\/wp\/v2\/types\/page"}],"author":[{"embeddable":true,"href":"https:\/\/gondolen.se\/en\/wp-json\/wp\/v2\/users\/2"}],"replies":[{"embeddable":true,"href":"https:\/\/gondolen.se\/en\/wp-json\/wp\/v2\/comments?post=13334"}],"version-history":[{"count":6,"href":"https:\/\/gondolen.se\/en\/wp-json\/wp\/v2\/pages\/13334\/revisions"}],"predecessor-version":[{"id":16462,"href":"https:\/\/gondolen.se\/en\/wp-json\/wp\/v2\/pages\/13334\/revisions\/16462"}],"wp:attachment":[{"href":"https:\/\/gondolen.se\/en\/wp-json\/wp\/v2\/media?parent=13334"}],"curies":[{"name":"wp","href":"https:\/\/api.w.org\/{rel}","templated":true}]}}